{"id":144626,"date":"2025-01-24T08:21:00","date_gmt":"2025-01-24T08:21:00","guid":{"rendered":"https:\/\/dealersleague.com\/legal-disclosure\/"},"modified":"2025-03-20T14:47:20","modified_gmt":"2025-03-20T14:47:20","slug":"aviso-legal","status":"publish","type":"page","link":"https:\/\/dealersleague.com\/es\/aviso-legal\/","title":{"rendered":"Aviso Legal"},"content":{"rendered":"\t\t<div data-elementor-type=\"wp-page\" data-elementor-id=\"144626\" class=\"elementor elementor-144626 elementor-141816\" data-elementor-post-type=\"page\">\n\t\t\t\t\t\t<section class=\"elementor-section elementor-top-section elementor-element elementor-element-2b1184b0 elementor-section-boxed elementor-section-height-default elementor-section-height-default sc_fly_static\" data-id=\"2b1184b0\" data-element_type=\"section\" data-e-type=\"section\" data-settings=\"{&quot;background_background&quot;:&quot;classic&quot;}\">\n\t\t\t\t\t\t<div class=\"elementor-container elementor-column-gap-extended\">\n\t\t\t\t\t<div class=\"elementor-column elementor-col-100 elementor-top-column elementor-element elementor-element-153e1c19 sc_content_align_inherit sc_layouts_column_icons_position_left sc_fly_static\" data-id=\"153e1c19\" data-element_type=\"column\" data-e-type=\"column\">\n\t\t\t<div class=\"elementor-widget-wrap elementor-element-populated\">\n\t\t\t\t\t\t<div class=\"elementor-element elementor-element-54db29de sc_fly_static elementor-widget elementor-widget-text-editor\" data-id=\"54db29de\" data-element_type=\"widget\" data-e-type=\"widget\" data-widget_type=\"text-editor.default\">\n\t\t\t\t\t\t\t\t\t<h2 data-pm-slice=\"1 1 []\"><strong>Aviso Legal de Dealers League, S.L.<\/strong><\/h2>\n<h3><strong>I. INFORMACI\u00d3N GENERAL<\/strong><\/h3>\n<p>En cumplimiento con el deber de informaci\u00f3n establecido por la Ley 34\/2002 de Servicios de la Sociedad de la Informaci\u00f3n y de Comercio Electr\u00f3nico (LSSI-CE) de 11 de julio, se proporciona la siguiente informaci\u00f3n general sobre este sitio web:<\/p>\n<p>La titularidad de este sitio web, www.dealersleague.com (en adelante, el \u00abSitio Web\u00bb), corresponde a Dealers League, S.L., con CIF B01962315, inscrita en el Registro Mercantil de Segovia con los siguientes datos registrales: Tomo: 318, Libro: 0, Folio: 6, Secci\u00f3n: 8, Hoja: SG7799. <\/p>\n<p>Direcci\u00f3n: El Robledal 17 40197 San Crist\u00f3bal de Segovia<\/p>\n<p>Correo electr\u00f3nico de contacto: info@dealersleague.com<\/p>\n<h3><strong>II. CONDICIONES GENERALES DE USO <\/strong><\/h3>\n<h4><strong>Objeto de las Condiciones: El Sitio Web<\/strong><\/h4>\n<p>Las presentes Condiciones Generales de Uso (en adelante, \u00abCondiciones\u00bb) regulan el acceso y uso del Sitio Web. A efectos de estas Condiciones, se entiende como Sitio Web la apariencia externa de las interfaces de pantalla, tanto de forma est\u00e1tica como din\u00e1mica, es decir, el \u00e1rbol de navegaci\u00f3n; y todos los elementos integrados en dichas interfaces de pantalla y en el \u00e1rbol de navegaci\u00f3n (en adelante, \u00abContenido\u00bb), as\u00ed como todos los servicios en l\u00ednea o recursos que puedan ofrecerse a los Usuarios (en adelante, \u00abServicios\u00bb). <\/p>\n<p>Dealers League, S.L. se reserva el derecho de modificar, en cualquier momento y sin previo aviso, la presentaci\u00f3n y configuraci\u00f3n del Sitio Web y los Contenidos y Servicios que en \u00e9l se incorporan. El Usuario reconoce y acepta que Dealers League, S.L. puede en cualquier momento interrumpir, desactivar y\/o cancelar cualquiera de estos elementos integrados en el Sitio Web o el acceso a los mismos. <\/p>\n<p>El acceso al Sitio Web por parte del Usuario es gratuito y, como norma general, no requiere suscripci\u00f3n o registro previo, salvo el coste de la conexi\u00f3n a trav\u00e9s de la red de telecomunicaciones suministrada por el proveedor de acceso contratado por el Usuario.<\/p>\n<p>El uso de los Contenidos no requiere suscripci\u00f3n o registro previo.<\/p>\n<h4><strong>El Usuario<\/strong><\/h4>\n<p>El acceso, navegaci\u00f3n y uso del Sitio Web confiere la condici\u00f3n de Usuario, por lo que desde el inicio de la navegaci\u00f3n en el Sitio Web se aceptan todas las Condiciones aqu\u00ed establecidas, as\u00ed como sus modificaciones futuras, sin perjuicio de la aplicaci\u00f3n de las normativas legales obligatorias correspondientes. Dado que estas Condiciones pueden cambiar, se recomienda al Usuario que las revise peri\u00f3dicamente. <\/p>\n<p>El Sitio Web de Dealers League, S.L. proporciona una amplia gama de informaci\u00f3n, servicios y datos. El Usuario asume la responsabilidad de hacer un uso adecuado del Sitio Web, incluyendo:  <\/p>\n<ul data-spread=\"false\">\n<li>\n<p>Usar la informaci\u00f3n, Contenidos y\/o Servicios y datos proporcionados por Dealers League, S.L. de forma l\u00edcita y sin contravenir estas Condiciones, la legislaci\u00f3n vigente, la moral o el orden p\u00fablico, ni de manera que pueda causar perjuicio a terceros o al funcionamiento del Sitio Web.<\/p>\n<\/li>\n<li>\n<p>La veracidad y licitud de las informaciones aportadas por el Usuario en los formularios extendidos por Dealers League, S.L. para el acceso a ciertos Contenidos o Servicios ofrecidos por el Portal. En todo caso, el Usuario notificar\u00e1 de forma inmediata a Dealers League, S.L. acerca de cualquier hecho que pueda suponer un uso indebido de la informaci\u00f3n registrada en dichos formularios, tales como el robo, extrav\u00edo, o el acceso no autorizado a identificadores y\/o contrase\u00f1as, con el fin de proceder a su inmediata cancelaci\u00f3n. <\/p>\n<\/li>\n<\/ul>\n<p>El acceso a este Sitio Web no implica el inicio de ninguna relaci\u00f3n comercial con Dealers League, S.L.<br \/>y el usuario.<\/p>\n<p>En cumplimiento de la legislaci\u00f3n vigente, este Sitio Web est\u00e1 dirigido a todas las personas, sin importar su edad, que puedan acceder y\/o navegar en sus p\u00e1ginas.<\/p>\n<h3><strong>III. ACCESO Y NAVEGACI\u00d3N EN EL SITIO WEB: EXCLUSI\u00d3N DE GARANT\u00cdAS Y RESPONSABILIDAD <\/strong><\/h3>\n<p>Dealers League, S.L. no garantiza la continuidad, disponibilidad y utilidad del Sitio Web, ni de los Contenidos o Servicios. Aunque se realizar\u00e1n esfuerzos para garantizar el correcto funcionamiento del Sitio Web, no se hace responsable de interrupciones, errores o problemas en el acceso. <\/p>\n<p>Asimismo, no se responsabiliza ni garantiza que el contenido o software al que pueda accederse a trav\u00e9s de este Sitio Web, est\u00e9 libre de error o cause un da\u00f1o en el sistema inform\u00e1tico (software y hardware) del Usuario. En ning\u00fan caso Dealers League, S.L. ser\u00e1 responsable por las p\u00e9rdidas, da\u00f1os o perjuicios de cualquier tipo que surjan por el acceso, navegaci\u00f3n y el uso del Sitio Web, incluy\u00e9ndose pero no limit\u00e1ndose, a los ocasionados a los sistemas inform\u00e1ticos o los provocados por la introducci\u00f3n de virus. <\/p>\n<p>Dealers League, S.L. tampoco se hace responsable de los da\u00f1os que pudiesen ocasionarse a los Usuarios por un uso inadecuado de este Sitio Web. En particular, no se hace responsable de las interrupciones, falta o defecto de las telecomunicaciones que pudieran ocurrir. <\/p>\n<h3><strong>IV. POL\u00cdTICA DE ENLACES <\/strong><\/h3>\n<p>El Sitio Web de Dealers League, S.L. puede incluir enlaces a sitios web de terceros, a los cuales el Usuario puede acceder a trav\u00e9s de botones, banners, directorios o motores de b\u00fasqueda.<\/p>\n<p>Estos enlaces tienen como \u00fanica finalidad facilitar el acceso del Usuario a contenidos disponibles en Internet, sin que ello implique sugerencia, recomendaci\u00f3n o invitaci\u00f3n por parte de Dealers League, S.L. para visitar estos sitios.<\/p>\n<p>Dealers League, S.L. no ofrece ni comercializa directamente productos o servicios en los sitios enlazados, ni garantiza la disponibilidad, veracidad, legalidad o utilidad de dichos contenidos. <\/p>\n<p>Dealers League, S.L. no ser\u00e1 responsable de los da\u00f1os que puedan derivarse del acceso, uso, calidad o licitud de los contenidos, productos y servicios disponibles en sitios web ajenos a su gesti\u00f3n.<\/p>\n<p>Usuarios y terceros que creen hiperv\u00ednculos al sitio web de Dealers League, S.L. deben tener en cuenta que:<\/p>\n<ul data-spread=\"false\">\n<li>\n<p>La reproducci\u00f3n total o parcial de cualquier Contenido y\/o Servicios del Sitio Web sin la autorizaci\u00f3n expresa de Dealers League, S.L. no est\u00e1 permitida.<\/p>\n<\/li>\n<li>\n<p>No est\u00e1 permitida la tergiversaci\u00f3n o declaraci\u00f3n falsa sobre Dealers League, S.L. o su Contenido y\/o Servicios.<\/p>\n<\/li>\n<li>\n<p>Excepto por el propio hiperv\u00ednculo, el sitio web en el que se establezca el hiperv\u00ednculo no debe contener ning\u00fan elemento protegido como propiedad intelectual seg\u00fan la legislaci\u00f3n espa\u00f1ola sin la autorizaci\u00f3n expresa de Dealers League, S.L..<\/p>\n<\/li>\n<li>\n<p>El establecimiento del hiperv\u00ednculo no implica la existencia de una relaci\u00f3n entre Dealers League, S.L. y el propietario del sitio web donde se coloque el hiperv\u00ednculo, ni la aceptaci\u00f3n o aprobaci\u00f3n de sus contenidos, servicios y\/o actividades.<\/p>\n<\/li>\n<\/ul>\n<h3><strong>V. PROPIEDAD INTELECTUAL E INDUSTRIAL<\/strong><\/h3>\n<p>Dealers League, S.L., como titular o cesionario, posee todos los derechos de propiedad intelectual e industrial del Sitio Web, incluyendo sus elementos (como im\u00e1genes, sonido, audio, v\u00eddeo, software, textos, marcas, logotipos, combinaciones de colores, estructura, dise\u00f1o y materiales utilizados), que est\u00e1n protegidos por la legislaci\u00f3n espa\u00f1ola e internacional sobre propiedad intelectual.<\/p>\n<p>Todos los derechos est\u00e1n reservados. En virtud de la Ley de Propiedad Intelectual, la reproducci\u00f3n, distribuci\u00f3n y comunicaci\u00f3n p\u00fablica, incluida su modalidad de puesta a disposici\u00f3n, de la totalidad o parte de los contenidos de este Sitio Web, con fines comerciales, en cualquier soporte y por cualquier medio t\u00e9cnico, sin la autorizaci\u00f3n de Dealers League, S.L., quedan expresamente prohibidas. <\/p>\n<p>Los Usuarios se comprometen a respetar los derechos de propiedad intelectual e industrial de Dealers League, S.L.. Pueden visualizar los elementos del Sitio Web e incluso imprimirlos, copiarlos y almacenarlos en un disco duro o en cualquier otro soporte f\u00edsico, siempre y cuando sea exclusivamente para su uso personal. Los Usuarios no deben eliminar, alterar o manipular ning\u00fan dispositivo de protecci\u00f3n o sistema de seguridad instalado en el Sitio Web. <\/p>\n<p>Si un Usuario o un tercero considera que alg\u00fan contenido del Sitio Web infringe sus derechos de propiedad intelectual, deber\u00e1 notificarlo inmediatamente a Dealers League, S.L. a trav\u00e9s de los datos de contacto indicados en la secci\u00f3n INFORMACI\u00d3N GENERAL del presente Aviso Legal y Condiciones Generales de Uso.<\/p>\n<h3><strong>VI. ACCIONES LEGALES, LEGISLACI\u00d3N APLICABLE Y JURISDICCI\u00d3N <\/strong><\/h3>\n<p>Dealers League, S.L. se reserva el derecho de emprender acciones legales civiles o penales que considere necesarias por el uso indebido del Sitio Web y Contenidos, o por el incumplimiento de estas Condiciones.<\/p>\n<p>La relaci\u00f3n entre el Usuario y Dealers League, S.L. se regir\u00e1 por la normativa espa\u00f1ola vigente. En caso de disputa en la interpretaci\u00f3n y\/o aplicaci\u00f3n de estas Condiciones, las partes se someter\u00e1n a los tribunales ordinarios conforme a la legislaci\u00f3n aplicable. <\/p>\n\t\t\t\t\t\t\t\t<\/div>\n\t\t\t\t\t<\/div>\n\t\t<\/div>\n\t\t\t\t\t<\/div>\n\t\t<\/section>\n\t\t\t\t<section class=\"elementor-section elementor-top-section elementor-element elementor-element-7ef86bc8 elementor-section-boxed elementor-section-height-default elementor-section-height-default sc_fly_static\" data-id=\"7ef86bc8\" data-element_type=\"section\" data-e-type=\"section\">\n\t\t\t\t\t\t<div class=\"elementor-container elementor-column-gap-extended\">\n\t\t\t\t\t<div class=\"elementor-column elementor-col-100 elementor-top-column elementor-element elementor-element-19372eea sc_content_align_inherit sc_layouts_column_icons_position_left sc_fly_static\" data-id=\"19372eea\" data-element_type=\"column\" data-e-type=\"column\">\n\t\t\t<div class=\"elementor-widget-wrap elementor-element-populated\">\n\t\t\t\t\t\t<div class=\"elementor-element elementor-element-690b98ed sc_fly_static elementor-widget elementor-widget-spacer\" data-id=\"690b98ed\" data-element_type=\"widget\" data-e-type=\"widget\" data-widget_type=\"spacer.default\">\n\t\t\t\t\t\t\t<div class=\"elementor-spacer\">\n\t\t\t<div class=\"elementor-spacer-inner\"><\/div>\n\t\t<\/div>\n\t\t\t\t\t\t<\/div>\n\t\t\t\t\t<\/div>\n\t\t<\/div>\n\t\t\t\t\t<\/div>\n\t\t<\/section>\n\t\t\t\t<\/div>\n\t\t","protected":false},"excerpt":{"rendered":"<p>Aviso Legal de Dealers League, S.L. I. INFORMACI\u00d3N GENERAL En cumplimiento con el deber de informaci\u00f3n establecido por la Ley 34\/2002 de Servicios de la Sociedad de la Informaci\u00f3n y&hellip;<\/p>\n","protected":false},"author":1,"featured_media":0,"parent":0,"menu_order":0,"comment_status":"closed","ping_status":"closed","template":"","meta":{"footnotes":""},"class_list":["post-144626","page","type-page","status-publish","hentry"],"_links":{"self":[{"href":"https:\/\/dealersleague.com\/es\/wp-json\/wp\/v2\/pages\/144626","targetHints":{"allow":["GET"]}}],"collection":[{"href":"https:\/\/dealersleague.com\/es\/wp-json\/wp\/v2\/pages"}],"about":[{"href":"https:\/\/dealersleague.com\/es\/wp-json\/wp\/v2\/types\/page"}],"author":[{"embeddable":true,"href":"https:\/\/dealersleague.com\/es\/wp-json\/wp\/v2\/users\/1"}],"replies":[{"embeddable":true,"href":"https:\/\/dealersleague.com\/es\/wp-json\/wp\/v2\/comments?post=144626"}],"version-history":[{"count":5,"href":"https:\/\/dealersleague.com\/es\/wp-json\/wp\/v2\/pages\/144626\/revisions"}],"predecessor-version":[{"id":144634,"href":"https:\/\/dealersleague.com\/es\/wp-json\/wp\/v2\/pages\/144626\/revisions\/144634"}],"wp:attachment":[{"href":"https:\/\/dealersleague.com\/es\/wp-json\/wp\/v2\/media?parent=144626"}],"curies":[{"name":"wp","href":"https:\/\/api.w.org\/{rel}","templated":true}]}}