{"id":144618,"date":"2025-01-24T08:47:44","date_gmt":"2025-01-24T08:47:44","guid":{"rendered":"https:\/\/dealersleague.com\/aviso-legal-exencion-de-responsabilidad\/"},"modified":"2025-03-20T14:48:10","modified_gmt":"2025-03-20T14:48:10","slug":"aviso-legal-exencion-de-responsabilidad","status":"publish","type":"page","link":"https:\/\/dealersleague.com\/es\/aviso-legal-exencion-de-responsabilidad\/","title":{"rendered":"Aviso Legal &amp; Exenci\u00f3n de Responsabilidad"},"content":{"rendered":"\t\t<div data-elementor-type=\"wp-page\" data-elementor-id=\"144618\" class=\"elementor elementor-144618 elementor-141829\" data-elementor-post-type=\"page\">\n\t\t\t\t\t\t<section class=\"elementor-section elementor-top-section elementor-element elementor-element-2b1184b0 elementor-section-boxed elementor-section-height-default elementor-section-height-default sc_fly_static\" data-id=\"2b1184b0\" data-element_type=\"section\" data-e-type=\"section\" data-settings=\"{&quot;background_background&quot;:&quot;classic&quot;}\">\n\t\t\t\t\t\t<div class=\"elementor-container elementor-column-gap-extended\">\n\t\t\t\t\t<div class=\"elementor-column elementor-col-100 elementor-top-column elementor-element elementor-element-153e1c19 sc_content_align_inherit sc_layouts_column_icons_position_left sc_fly_static\" data-id=\"153e1c19\" data-element_type=\"column\" data-e-type=\"column\">\n\t\t\t<div class=\"elementor-widget-wrap elementor-element-populated\">\n\t\t\t\t\t\t<div class=\"elementor-element elementor-element-54db29de sc_fly_static elementor-widget elementor-widget-text-editor\" data-id=\"54db29de\" data-element_type=\"widget\" data-e-type=\"widget\" data-widget_type=\"text-editor.default\">\n\t\t\t\t\t\t\t\t\t<h2 data-pm-slice=\"1 1 []\"><strong>Aviso Legal: Informaci\u00f3n conforme al art\u00edculo 5 de la TMG<\/strong><\/h2>\n<p>Dealers League S.L.<\/p>\n<p>El Robledal, 17, 40197 San Crist\u00f3bal de Segovia, Segovia<\/p>\n<p>Representado por:<br \/>Michael Masa<\/p>\n<p><strong>Responsabilidad del contenido conforme al art\u00edculo 5 (2) RStV:<\/strong><br \/>Michael Masa<\/p>\n<h2><strong>Aviso Legal &amp; Exenci\u00f3n de Responsabilidad<\/strong><\/h2>\n<h3><strong>Responsabilidad por el contenido<\/strong><\/h3>\n<p>El contenido de nuestras p\u00e1ginas ha sido creado con el m\u00e1ximo cuidado. Sin embargo, no podemos garantizar la exactitud, integridad o actualidad de la informaci\u00f3n. Como proveedores de servicios, somos responsables de nuestro propio contenido en estas p\u00e1ginas de acuerdo con la legislaci\u00f3n general conforme al art\u00edculo 7 (1) TMG.  <\/p>\n<p>No obstante, de acuerdo con los art\u00edculos 8 a 10 de la TMG, no estamos obligados a supervisar la informaci\u00f3n transmitida o almacenada de terceros ni a investigar circunstancias que indiquen actividades ilegales. Las obligaciones de eliminar o bloquear el uso de informaci\u00f3n seg\u00fan las leyes generales no se ven afectadas por esto. <\/p>\n<p>La responsabilidad en este sentido solo es posible a partir del momento en que tengamos conocimiento de una infracci\u00f3n legal concreta. Si tomamos conocimiento de alguna infracci\u00f3n, eliminaremos dicho contenido de inmediato. <\/p>\n<h3><strong>Responsabilidad por enlaces<\/strong><\/h3>\n<p>Nuestro sitio web contiene enlaces a sitios web externos de terceros, sobre cuyo contenido no tenemos ninguna influencia. Por lo tanto, no podemos asumir ninguna responsabilidad por estos contenidos externos. El proveedor u operador respectivo de las p\u00e1ginas enlazadas es siempre responsable de su contenido.  <\/p>\n<p>En el momento de la vinculaci\u00f3n, se revisaron las p\u00e1ginas enlazadas para detectar posibles violaciones legales. No se identific\u00f3 contenido ilegal en el momento del enlace. Sin embargo, una supervisi\u00f3n permanente del contenido de las p\u00e1ginas enlazadas no es razonable sin indicios concretos de una infracci\u00f3n legal. Si llegamos a tener conocimiento de infracciones legales, eliminaremos dichos enlaces de inmediato.   <\/p>\n<h3><strong>Derechos de Autor<\/strong><\/h3>\n<p>El contenido y las obras de estas p\u00e1ginas creadas por los operadores del sitio est\u00e1n sujetas a la ley de derechos de autor alemana. La reproducci\u00f3n, edici\u00f3n, distribuci\u00f3n y cualquier tipo de uso fuera de los l\u00edmites del derecho de autor requieren el consentimiento por escrito del respectivo autor o creador. <\/p>\n<p>Las descargas y copias de este sitio solo est\u00e1n permitidas para uso privado y no comercial. Cuando el contenido de este sitio no haya sido creado por el operador, se respetar\u00e1n los derechos de autor de terceros. En particular, los contenidos de terceros estar\u00e1n marcados como tales.  <\/p>\n<p>Si, a pesar de ello, tuviera conocimiento de una infracci\u00f3n de derechos de autor, le pedimos que nos lo informe. Si detectamos alguna infracci\u00f3n, eliminaremos dicho contenido de inmediato. <\/p>\n<h3><strong>Protecci\u00f3n de Datos<\/strong><\/h3>\n<p>El uso de nuestro sitio web generalmente es posible sin proporcionar datos personales. Cuando se recopilen datos personales (como nombre, direcci\u00f3n o direcciones de correo electr\u00f3nico) en nuestras p\u00e1ginas, esto siempre se realizar\u00e1 de manera voluntaria, en la medida de lo posible. Estos datos no se transmitir\u00e1n a terceros sin su consentimiento expl\u00edcito.  <\/p>\n<p>Cabe se\u00f1alar que la transmisi\u00f3n de datos por Internet (por ejemplo, la comunicaci\u00f3n por correo electr\u00f3nico) puede tener vulnerabilidades de seguridad. No es posible una protecci\u00f3n completa de los datos contra el acceso de terceros. <\/p>\n<p>El uso de los datos de contacto publicados como parte de la obligaci\u00f3n del aviso legal por terceros con fines de env\u00edo de publicidad no solicitada e informaci\u00f3n comercial est\u00e1 expresamente prohibido. Los operadores de las p\u00e1ginas se reservan expresamente el derecho a emprender acciones legales en caso de env\u00edo de informaci\u00f3n publicitaria no solicitada, como correos electr\u00f3nicos de spam. <\/p>\n<h3><strong>Google Analytics<\/strong><\/h3>\n<p>Este sitio web utiliza Google Analytics, un servicio de an\u00e1lisis web proporcionado por Google Inc. (\u00abGoogle\u00bb). Google Analytics utiliza \u00abcookies\u00bb, que son archivos de texto almacenados en su ordenador, para ayudar a analizar el uso que hacen los usuarios del sitio web. La informaci\u00f3n generada por la cookie sobre el uso de este sitio web (incluida su direcci\u00f3n IP) ser\u00e1 transmitida y almacenada por Google en servidores en los Estados Unidos.  <\/p>\n<p>Google utilizar\u00e1 esta informaci\u00f3n para evaluar el uso que usted hace del sitio web, compilar informes sobre la actividad del sitio web para los operadores y proporcionar otros servicios relacionados con la actividad del sitio web y el uso de Internet. Google tambi\u00e9n podr\u00e1 transferir esta informaci\u00f3n a terceros si as\u00ed lo exige la ley o si dichos terceros procesan la informaci\u00f3n en nombre de Google. Google no asociar\u00e1 su direcci\u00f3n IP con ning\u00fan otro dato que posea.  <\/p>\n<p>Usted puede rechazar el uso de cookies seleccionando la configuraci\u00f3n apropiada en su navegador. Sin embargo, tenga en cuenta que, si lo hace, es posible que no pueda utilizar todas las funcionalidades de este sitio web. Al utilizar este sitio web, usted consiente el procesamiento de datos sobre usted por parte de Google en la forma y para los fines descritos anteriormente. <\/p>\n<h3><strong>Google AdSense<\/strong><\/h3>\n<p>Este sitio web utiliza Google AdSense, un servicio para la integraci\u00f3n de anuncios publicitarios de Google Inc., EE.UU. (\u00abGoogle\u00bb). Google AdSense utiliza \u00abcookies\u00bb (archivos de texto) que se almacenan en su ordenador y permiten analizar el uso del sitio web. Google AdSense tambi\u00e9n utiliza \u00abbalizas web\u00bb (gr\u00e1ficos invisibles) para recopilar informaci\u00f3n.  <\/p>\n<p>A trav\u00e9s del uso de balizas web, se pueden evaluar y recopilar acciones simples como el tr\u00e1fico de visitantes en el sitio web. La informaci\u00f3n generada por la cookie y\/o la baliza web sobre su uso de este sitio web (incluida su direcci\u00f3n IP) ser\u00e1 transmitida y almacenada por Google en servidores en los Estados Unidos. Google utilizar\u00e1 esta informaci\u00f3n para evaluar su uso del sitio web en relaci\u00f3n con los anuncios, compilar informes sobre la actividad del sitio web y los anuncios para los operadores del sitio web, y proporcionar otros servicios relacionados con el uso del sitio web e Internet.  <\/p>\n<p>Puede evitar el almacenamiento de cookies en su disco duro y la visualizaci\u00f3n de balizas web seleccionando \u00abno aceptar cookies\u00bb en la configuraci\u00f3n de su navegador (en Internet Explorer en \u00abHerramientas &gt; Opciones de Internet &gt; Privacidad &gt; Configuraci\u00f3n\u00bb; en Firefox en \u00bbHerramientas &gt; Opciones &gt; Privacidad &gt; Cookies\u00bb); no obstante, se\u00f1alamos que, en este caso, es posible que no pueda utilizar todas las funciones de este sitio web en toda su extensi\u00f3n.<\/p>\n<p>Al utilizar este website Usted consiente el tratamiento de informaci\u00f3n acerca de Usted por Google en la forma y para los fines arriba indicados.<\/p>\n<p>Si tiene alguna pregunta sobre la informaci\u00f3n anterior, p\u00f3ngase en contacto con nosotros.<\/p><\/p>\n\t\t\t\t\t\t\t\t<\/div>\n\t\t\t\t\t<\/div>\n\t\t<\/div>\n\t\t\t\t\t<\/div>\n\t\t<\/section>\n\t\t\t\t<section class=\"elementor-section elementor-top-section elementor-element elementor-element-7ef86bc8 elementor-section-boxed elementor-section-height-default elementor-section-height-default sc_fly_static\" data-id=\"7ef86bc8\" data-element_type=\"section\" data-e-type=\"section\">\n\t\t\t\t\t\t<div class=\"elementor-container elementor-column-gap-extended\">\n\t\t\t\t\t<div class=\"elementor-column elementor-col-100 elementor-top-column elementor-element elementor-element-19372eea sc_content_align_inherit sc_layouts_column_icons_position_left sc_fly_static\" data-id=\"19372eea\" data-element_type=\"column\" data-e-type=\"column\">\n\t\t\t<div class=\"elementor-widget-wrap elementor-element-populated\">\n\t\t\t\t\t\t<div class=\"elementor-element elementor-element-690b98ed sc_fly_static elementor-widget elementor-widget-spacer\" data-id=\"690b98ed\" data-element_type=\"widget\" data-e-type=\"widget\" data-widget_type=\"spacer.default\">\n\t\t\t\t\t\t\t<div class=\"elementor-spacer\">\n\t\t\t<div class=\"elementor-spacer-inner\"><\/div>\n\t\t<\/div>\n\t\t\t\t\t\t<\/div>\n\t\t\t\t\t<\/div>\n\t\t<\/div>\n\t\t\t\t\t<\/div>\n\t\t<\/section>\n\t\t\t\t<\/div>\n\t\t","protected":false},"excerpt":{"rendered":"<p>Aviso Legal: Informaci\u00f3n conforme al art\u00edculo 5 de la TMG Dealers League S.L. El Robledal, 17, 40197 San Crist\u00f3bal de Segovia, Segovia Representado por:Michael Masa Responsabilidad del contenido conforme al&hellip;<\/p>\n","protected":false},"author":1,"featured_media":0,"parent":0,"menu_order":0,"comment_status":"closed","ping_status":"closed","template":"","meta":{"footnotes":""},"class_list":["post-144618","page","type-page","status-publish","hentry"],"_links":{"self":[{"href":"https:\/\/dealersleague.com\/es\/wp-json\/wp\/v2\/pages\/144618","targetHints":{"allow":["GET"]}}],"collection":[{"href":"https:\/\/dealersleague.com\/es\/wp-json\/wp\/v2\/pages"}],"about":[{"href":"https:\/\/dealersleague.com\/es\/wp-json\/wp\/v2\/types\/page"}],"author":[{"embeddable":true,"href":"https:\/\/dealersleague.com\/es\/wp-json\/wp\/v2\/users\/1"}],"replies":[{"embeddable":true,"href":"https:\/\/dealersleague.com\/es\/wp-json\/wp\/v2\/comments?post=144618"}],"version-history":[{"count":1,"href":"https:\/\/dealersleague.com\/es\/wp-json\/wp\/v2\/pages\/144618\/revisions"}],"predecessor-version":[{"id":144619,"href":"https:\/\/dealersleague.com\/es\/wp-json\/wp\/v2\/pages\/144618\/revisions\/144619"}],"wp:attachment":[{"href":"https:\/\/dealersleague.com\/es\/wp-json\/wp\/v2\/media?parent=144618"}],"curies":[{"name":"wp","href":"https:\/\/api.w.org\/{rel}","templated":true}]}}