{"id":144581,"date":"2025-01-24T08:21:00","date_gmt":"2025-01-24T08:21:00","guid":{"rendered":"https:\/\/dealersleague.com\/rechtliche-offenlegung-von-informationen\/"},"modified":"2025-03-18T14:11:09","modified_gmt":"2025-03-18T14:11:09","slug":"rechtliche-offenlegung-von-informationen","status":"publish","type":"page","link":"https:\/\/dealersleague.com\/de\/rechtliche-offenlegung-von-informationen\/","title":{"rendered":"Rechtliche Offenlegung von Informationen"},"content":{"rendered":"\t\t<div data-elementor-type=\"wp-page\" data-elementor-id=\"144581\" class=\"elementor elementor-144581 elementor-141816\" data-elementor-post-type=\"page\">\n\t\t\t\t\t\t<section class=\"elementor-section elementor-top-section elementor-element elementor-element-2b1184b0 elementor-section-boxed elementor-section-height-default elementor-section-height-default sc_fly_static\" data-id=\"2b1184b0\" data-element_type=\"section\" data-e-type=\"section\" data-settings=\"{&quot;background_background&quot;:&quot;classic&quot;}\">\n\t\t\t\t\t\t<div class=\"elementor-container elementor-column-gap-extended\">\n\t\t\t\t\t<div class=\"elementor-column elementor-col-100 elementor-top-column elementor-element elementor-element-153e1c19 sc_content_align_inherit sc_layouts_column_icons_position_left sc_fly_static\" data-id=\"153e1c19\" data-element_type=\"column\" data-e-type=\"column\">\n\t\t\t<div class=\"elementor-widget-wrap elementor-element-populated\">\n\t\t\t\t\t\t<div class=\"elementor-element elementor-element-54db29de sc_fly_static elementor-widget elementor-widget-text-editor\" data-id=\"54db29de\" data-element_type=\"widget\" data-e-type=\"widget\" data-widget_type=\"text-editor.default\">\n\t\t\t\t\t\t\t\t\t<h2 data-pm-slice=\"1 1 []\"><strong>Rechtliche Offenlegung von Dealers League, S.L.<\/strong><\/h2>\n<h3><strong>I. ALLGEMEINE INFORMATIONEN<\/strong><\/h3>\n<p>In \u00dcbereinstimmung mit der Informationspflicht, die durch das Gesetz 34\/2002 \u00fcber die Dienste der Informationsgesellschaft und den elektronischen Handel (LSSI-CE) vom 11. Juli festgelegt wurde, werden die folgenden allgemeinen Informationen zu dieser Website bereitgestellt:<\/p>\n<p>Das Eigentum an dieser Website www.dealersleague.com (im Folgenden Website genannt) liegt bei Dealers League, S.L., mit der Umsatzsteuer-Identifikationsnummer B01962315 und eingetragen im Handelsregister von Segovia unter den folgenden Registrierungsdaten: Band: 318, Buch: 0, Seite: 6, Abschnitt: 8, Blatt: SG7799. Der Vertreter des Unternehmens ist Dealers League, S.L., und seine Kontaktdaten sind: <\/p>\n<p>Anschrift: El Robledal 17, 40197 San Crist\u00f3bal de Segovia<\/p>\n<p>E-Mail-Kontakt: info@dealersleague.com<\/p>\n<h3><strong>II. ALLGEMEINE NUTZUNGSBEDINGUNGEN <\/strong><\/h3>\n<h4><strong>Zweck der Bedingungen: Die Website<\/strong><\/h4>\n<p>Die vorliegenden Allgemeinen Nutzungsbedingungen (nachstehend \u201eBedingungen\u201c genannt) dienen dazu, den Zugang und die Nutzung der Website zu regeln. F\u00fcr die Zwecke dieser Bedingungen umfasst die Website das \u00e4u\u00dfere Erscheinungsbild der statischen und dynamischen Bildschirmoberfl\u00e4chen, d. h. den Navigationsbaum, und alle Elemente, die sowohl in die Bildschirmoberfl\u00e4chen als auch in den Navigationsbaum integriert sind (nachstehend \u201eInhalt\u201c), sowie alle Online-Dienste oder Ressourcen, die den Nutzern angeboten werden k\u00f6nnen (nachstehend \u201eDienste\u201c). <\/p>\n<p>Dealers League, S.L. beh\u00e4lt sich das Recht vor, jederzeit und ohne Vorank\u00fcndigung die Pr\u00e4sentation und Konfiguration der Website sowie die darin enthaltenen Inhalte und Dienstleistungen zu \u00e4ndern. Der Benutzer erkennt an und stimmt zu, dass Dealers League, S.L. jederzeit jedes dieser in die Website integrierten Elemente oder den Zugang zu ihnen unterbrechen, deaktivieren und\/oder l\u00f6schen kann. <\/p>\n<p>Der Zugang des Nutzers zur Website ist kostenlos und erfordert in der Regel keine vorherige Anmeldung oder Registrierung, mit Ausnahme der Kosten f\u00fcr die vom Zugangsanbieter des Nutzers bereitgestellte Telekommunikationsnetzverbindung.<\/p>\n<p>F\u00fcr die Nutzung der Inhalte ist keine vorherige Anmeldung oder Registrierung erforderlich.<\/p>\n<h4><strong>Der Benutzer<\/strong><\/h4>\n<p>Der Zugang, die Navigation und die Nutzung der Website ist mit der Bedingung verbunden, dass der Nutzer von dem Moment an, in dem die Navigation auf der Website beginnt, alle hier aufgef\u00fchrten Bedingungen sowie alle sp\u00e4teren \u00c4nderungen akzeptiert, unbeschadet der Anwendung der entsprechenden zwingenden gesetzlichen Bestimmungen, soweit diese gelten. In Anbetracht der Bedeutung der obigen Bestimmungen wird dem Benutzer empfohlen, sie bei jedem Besuch der Website sorgf\u00e4ltig zu lesen. <\/p>\n<p>Die Website von Dealers League, S.L. bietet eine breite Palette von Informationen, Dienstleistungen und Daten. Der Benutzer \u00fcbernimmt die Verantwortung f\u00fcr die ordnungsgem\u00e4\u00dfe Nutzung der Website. Diese Verantwortung erstreckt sich auf:  <\/p>\n<ul data-spread=\"false\">\n<li>\n<p>Die Informationen, Inhalte und\/oder Dienstleistungen und Daten, die von Dealers League, S.L. angeboten werden, auf eine Art und Weise zu nutzen, die nicht gegen diese Bedingungen, das Gesetz, die Moral oder die \u00f6ffentliche Ordnung verst\u00f6\u00dft, oder auf eine Art und Weise, die die Rechte Dritter oder den Betrieb der Website beeintr\u00e4chtigen kann.<\/p>\n<\/li>\n<li>\n<p>Die Richtigkeit und Rechtm\u00e4\u00dfigkeit der Informationen, die der Benutzer in den von Dealers League, S.L. ausgestellten Formularen f\u00fcr den Zugang zu bestimmten Inhalten oder Dienstleistungen, die von der Website angeboten werden, angegeben hat. In jedem Fall wird der Benutzer Dealers League, S.L. unverz\u00fcglich \u00fcber jedes Ereignis informieren, das zu einem Missbrauch der in diesen Formularen eingetragenen Informationen f\u00fchren kann, wie Diebstahl, Verlust oder unbefugter Zugang zu Identifikatoren und\/oder Passw\u00f6rtern, um deren sofortige L\u00f6schung zu veranlassen. <\/p>\n<\/li>\n<\/ul>\n<p>Der Zugang zu dieser Website impliziert keine kommerzielle Beziehung zwischen Dealers League, S.L. und dem Benutzer.<\/p>\n<p>In \u00dcbereinstimmung mit der geltenden Gesetzgebung richtet sich diese Website von Dealers League, S.L. an alle Personen, unabh\u00e4ngig von ihrem Alter, die auf die Seiten der Website zugreifen und\/oder diese durchsuchen k\u00f6nnen.<\/p>\n<h3><strong>III. ZUGANG ZUR UND DURCHSUCHEN DER WEBSITE: HAFTUNGSAUSSCHLUSS UND GARANTIE <\/strong><\/h3>\n<p>Dealers League, S.L. garantiert nicht die Kontinuit\u00e4t, Verf\u00fcgbarkeit und N\u00fctzlichkeit der Website, noch des Inhalts oder der Dienstleistungen. Dealers League, S.L. wird alle Anstrengungen unternehmen, um das ordnungsgem\u00e4\u00dfe Funktionieren der Website zu gew\u00e4hrleisten; sie \u00fcbernimmt jedoch keine Verantwortung und garantiert nicht, dass der Zugang zu dieser Website ununterbrochen oder fehlerfrei sein wird. <\/p>\n<p>Dar\u00fcber hinaus \u00fcbernimmt sie keine Verantwortung oder Garantie daf\u00fcr, dass der Inhalt oder die Software, die \u00fcber diese Website zug\u00e4nglich sind, frei von Fehlern sind oder Sch\u00e4den am Computersystem (Software und Hardware) des Benutzers verursachen. Unter keinen Umst\u00e4nden kann Dealers League, S.L. f\u00fcr Verluste, Sch\u00e4den oder Beeintr\u00e4chtigungen jeglicher Art verantwortlich gemacht werden, die sich aus dem Zugang, der Navigation und der Nutzung der Website ergeben, einschlie\u00dflich, aber nicht beschr\u00e4nkt auf solche, die an Computersystemen verursacht werden oder aus der Einf\u00fchrung von Viren resultieren. <\/p>\n<p>Dealers League, S.L. ist auch nicht verantwortlich f\u00fcr Sch\u00e4den, die den Benutzern durch unsachgem\u00e4\u00dfe Nutzung dieser Website entstehen k\u00f6nnen. Insbesondere haftet sie nicht f\u00fcr Unterbrechungen, Ausf\u00e4lle oder M\u00e4ngel in der Telekommunikation, die auftreten k\u00f6nnen. <\/p>\n<h3><strong>IV. LINKING POLICY <\/strong><\/h3>\n<p>Die Website von Dealers League, S.L. stellt den Nutzern Links (wie Schaltfl\u00e4chen, Banner, Verzeichnisse oder Suchmaschinen) zur Verf\u00fcgung, die es den Nutzern erm\u00f6glichen, auf Websites zuzugreifen, die Dritten geh\u00f6ren und\/oder von ihnen verwaltet werden.<\/p>\n<p>Der Zweck dieser Links, Verzeichnisse und Suchmaschinen besteht darin, dem Nutzer den Zugang zu online verf\u00fcgbaren Informationen zu erleichtern, ohne dass dies als Vorschlag, Empfehlung oder Aufforderung zum Besuch dieser Seiten zu verstehen ist.<\/p>\n<p>Dealers League, S.L. bietet oder vermarktet weder selbst noch \u00fcber Dritte die auf solchen verlinkten Seiten verf\u00fcgbaren Produkte und\/oder Dienstleistungen. Dar\u00fcber hinaus garantiert Dealers League, S.L. nicht die Verf\u00fcgbarkeit, Genauigkeit, Wahrhaftigkeit, G\u00fcltigkeit oder Rechtm\u00e4\u00dfigkeit von Inhalten auf externen Websites, die \u00fcber diese Links zug\u00e4nglich sind. <\/p>\n<p>Dealers League, S.L. \u00fcbernimmt keine Verantwortung f\u00fcr Sch\u00e4den, die sich aus dem Zugang, der Nutzung, der Qualit\u00e4t oder der Rechtm\u00e4\u00dfigkeit des Inhalts, der Kommunikation, der Meinungen, der Produkte und der Dienstleistungen von nicht verwalteten Websites ergeben, die mit dieser Website verbunden sind.<\/p>\n<p>Nutzer oder Dritte, die Hyperlinks zur Website von Dealers League, S.L. erstellen, sollten beachten, dass:<\/p>\n<ul data-spread=\"false\">\n<li>\n<p>Die vollst\u00e4ndige oder teilweise Vervielf\u00e4ltigung von Inhalten und\/oder Dienstleistungen der Website ohne ausdr\u00fcckliche Genehmigung von Dealers League, S.L. ist nicht gestattet.<\/p>\n<\/li>\n<li>\n<p>Falsche Darstellung oder falsche Aussagen \u00fcber Dealers League, S.L. oder seinen Inhalt und\/oder Dienstleistungen sind nicht erlaubt.<\/p>\n<\/li>\n<li>\n<p>Mit Ausnahme des Hyperlinks selbst darf die Website, auf der der Hyperlink eingerichtet ist, ohne ausdr\u00fcckliche Genehmigung von Dealers League, S.L. keine Elemente enthalten, die nach spanischem Recht als geistiges Eigentum gesch\u00fctzt sind.<\/p>\n<\/li>\n<li>\n<p>Die Einrichtung des Hyperlinks impliziert weder eine Beziehung zwischen Dealers League, S.L. und dem Eigent\u00fcmer der Website, auf der der Hyperlink platziert ist, noch die Annahme oder Billigung ihres Inhalts, ihrer Dienstleistungen und\/oder ihrer Aktivit\u00e4ten.<\/p>\n<\/li>\n<\/ul>\n<h3><strong>V. GEISTIGES UND GEWERBLICHES EIGENTUM<\/strong><\/h3>\n<p>Dealers League, S.L., entweder als Eigent\u00fcmer oder als Abtretungsempf\u00e4nger, ist im Besitz aller geistigen und gewerblichen Eigentumsrechte an der Website, einschlie\u00dflich ihrer Elemente (wie Bilder, Ton, Audio, Video, Software, Texte, Marken, Logos, Farbkombinationen, Struktur, Design und verwendete Materialien), die nach spanischem Recht und internationalen Vertr\u00e4gen \u00fcber geistiges Eigentum gesch\u00fctzt sind.<\/p>\n<p>Alle Rechte vorbehalten. Gem\u00e4\u00df dem Gesetz zum Schutz des geistigen Eigentums sind die Vervielf\u00e4ltigung, die Verbreitung und die \u00f6ffentliche Kommunikation, einschlie\u00dflich der Bereitstellung von Inhalten, der gesamten Website oder eines Teils davon zu kommerziellen Zwecken auf jedem Medium und mit jedem technischen Mittel ohne die Genehmigung von Dealers League, S.L. ausdr\u00fccklich verboten. <\/p>\n<p>Die Benutzer verpflichten sich, die geistigen und gewerblichen Eigentumsrechte von Dealers League, S.L. zu respektieren. Die Benutzer d\u00fcrfen die Elemente der Website ansehen, ausdrucken, kopieren und auf einer Festplatte oder einem anderen physischen Medium speichern, sofern dies ausschlie\u00dflich f\u00fcr den pers\u00f6nlichen Gebrauch geschieht. Die Benutzer d\u00fcrfen keine auf der Website installierten Schutzvorrichtungen oder Sicherheitssysteme l\u00f6schen, ver\u00e4ndern oder manipulieren. <\/p>\n<p>Wenn Nutzer oder Dritte der Meinung sind, dass ein Inhalt auf der Website die Rechte am geistigen Eigentum verletzt, m\u00fcssen sie Dealers League, S.L. unverz\u00fcglich \u00fcber die im Abschnitt ALLGEMEINE INFORMATIONEN dieses rechtlichen Hinweises und der Allgemeinen Nutzungsbedingungen angegebenen Kontaktdaten informieren.<\/p>\n<h3><strong>VI. GERICHTSVERFAHREN, ANWENDBARES RECHT UND GERICHTSBARKEIT <\/strong><\/h3>\n<p>Dealers League, S.L. beh\u00e4lt sich das Recht vor, zivil- oder strafrechtliche Ma\u00dfnahmen zu ergreifen, die f\u00fcr eine missbr\u00e4uchliche Nutzung der Website und der Inhalte oder f\u00fcr einen Versto\u00df gegen diese Bedingungen f\u00fcr erforderlich gehalten werden.<\/p>\n<p>Die Beziehung zwischen dem Benutzer und Dealers League, S.L. unterliegt dem geltenden spanischen Recht. Im Falle von Streitigkeiten \u00fcber die Auslegung und\/oder Anwendung dieser Bedingungen, werden die Parteien die ordentlichen Gerichte in \u00dcbereinstimmung mit dem geltenden Recht zu unterwerfen. <\/p>\n\t\t\t\t\t\t\t\t<\/div>\n\t\t\t\t\t<\/div>\n\t\t<\/div>\n\t\t\t\t\t<\/div>\n\t\t<\/section>\n\t\t\t\t<section class=\"elementor-section elementor-top-section elementor-element elementor-element-7ef86bc8 elementor-section-boxed elementor-section-height-default elementor-section-height-default sc_fly_static\" data-id=\"7ef86bc8\" data-element_type=\"section\" data-e-type=\"section\">\n\t\t\t\t\t\t<div class=\"elementor-container elementor-column-gap-extended\">\n\t\t\t\t\t<div class=\"elementor-column elementor-col-100 elementor-top-column elementor-element elementor-element-19372eea sc_content_align_inherit sc_layouts_column_icons_position_left sc_fly_static\" data-id=\"19372eea\" data-element_type=\"column\" data-e-type=\"column\">\n\t\t\t<div class=\"elementor-widget-wrap elementor-element-populated\">\n\t\t\t\t\t\t<div class=\"elementor-element elementor-element-690b98ed sc_fly_static elementor-widget elementor-widget-spacer\" data-id=\"690b98ed\" data-element_type=\"widget\" data-e-type=\"widget\" data-widget_type=\"spacer.default\">\n\t\t\t\t\t\t\t<div class=\"elementor-spacer\">\n\t\t\t<div class=\"elementor-spacer-inner\"><\/div>\n\t\t<\/div>\n\t\t\t\t\t\t<\/div>\n\t\t\t\t\t<\/div>\n\t\t<\/div>\n\t\t\t\t\t<\/div>\n\t\t<\/section>\n\t\t\t\t<\/div>\n\t\t","protected":false},"excerpt":{"rendered":"<p>Rechtliche Offenlegung von Dealers League, S.L. I. ALLGEMEINE INFORMATIONEN In \u00dcbereinstimmung mit der Informationspflicht, die durch das Gesetz 34\/2002 \u00fcber die Dienste der Informationsgesellschaft und den elektronischen Handel (LSSI-CE) vom&hellip;<\/p>\n","protected":false},"author":1,"featured_media":0,"parent":0,"menu_order":0,"comment_status":"closed","ping_status":"closed","template":"","meta":{"footnotes":""},"class_list":["post-144581","page","type-page","status-publish","hentry"],"_links":{"self":[{"href":"https:\/\/dealersleague.com\/de\/wp-json\/wp\/v2\/pages\/144581","targetHints":{"allow":["GET"]}}],"collection":[{"href":"https:\/\/dealersleague.com\/de\/wp-json\/wp\/v2\/pages"}],"about":[{"href":"https:\/\/dealersleague.com\/de\/wp-json\/wp\/v2\/types\/page"}],"author":[{"embeddable":true,"href":"https:\/\/dealersleague.com\/de\/wp-json\/wp\/v2\/users\/1"}],"replies":[{"embeddable":true,"href":"https:\/\/dealersleague.com\/de\/wp-json\/wp\/v2\/comments?post=144581"}],"version-history":[{"count":1,"href":"https:\/\/dealersleague.com\/de\/wp-json\/wp\/v2\/pages\/144581\/revisions"}],"predecessor-version":[{"id":144582,"href":"https:\/\/dealersleague.com\/de\/wp-json\/wp\/v2\/pages\/144581\/revisions\/144582"}],"wp:attachment":[{"href":"https:\/\/dealersleague.com\/de\/wp-json\/wp\/v2\/media?parent=144581"}],"curies":[{"name":"wp","href":"https:\/\/api.w.org\/{rel}","templated":true}]}}